{"id":3905,"date":"2023-02-26T07:11:56","date_gmt":"2023-02-26T10:11:56","guid":{"rendered":"https:\/\/www.cerramientosmoviles.com\/?page_id=3905"},"modified":"2024-07-09T10:16:18","modified_gmt":"2024-07-09T13:16:18","slug":"econtrol-cloud","status":"publish","type":"page","link":"https:\/\/cerramientosmoviles.com\/es\/econtrol-cloud\/","title":{"rendered":"eControl Cloud Monitoreo Online"},"content":{"rendered":"\n<div class=\"wp-block-uagb-container uagb-block-9977588b alignfull uagb-is-root-container\">\n<section class=\"wp-block-uagb-columns uagb-columns__wrap uagb-columns__background-none uagb-columns__stack-mobile uagb-columns__valign-top uagb-columns__gap-10 alignfull uagb-block-8f522f02 uagb-columns__columns-2 uagb-columns__max_width-theme\"><div class=\"uagb-columns__overlay\"><\/div><div class=\"uagb-columns__inner-wrap uagb-columns__columns-2\">\n<div class=\"wp-block-uagb-column uagb-column__wrap uagb-column__background-undefined uagb-block-4cde0369\"><div class=\"uagb-column__overlay\"><\/div>\n<div style=\"height:65px\" aria-hidden=\"true\" class=\"wp-block-spacer\"><\/div>\n\n\n\n<div class=\"wp-block-uagb-image alignleft uagb-block-27628aa8 wp-block-uagb-image--layout-default wp-block-uagb-image--effect-static wp-block-uagb-image--align-left\"><figure class=\"wp-block-uagb-image__figure\"><img decoding=\"async\" src=\"https:\/\/www.cerramientosmoviles.com\/es\/wp-content\/uploads\/2023\/02\/2.png\" alt=\"\" class=\"uag-image-3923\" width=\"231\" height=\"90\" title=\"\" loading=\"lazy\" \/><\/figure><\/div>\n\n\n\n<div style=\"height:10px\" aria-hidden=\"true\" class=\"wp-block-spacer\"><\/div>\n\n\n\n<div class=\"wp-block-uagb-advanced-heading uagb-block-e21dafb2\"><h2 class=\"uagb-heading-text\"><mark class=\"uagb-highlight\">Monitoreo Online<\/mark> para Piletas en Red.<\/h2><p class=\"uagb-desc-text\"><strong>Inteligencia artificial para piletas y supervisi\u00f3n humana <\/strong>constante para garantizar niveles \u00f3ptimos de desinfecci\u00f3n y control de qu\u00edmicos.<\/p><\/div>\n\n\n\n<div style=\"height:10px\" aria-hidden=\"true\" class=\"wp-block-spacer\"><\/div>\n\n\n\n<p style=\"font-size:1.25em\"><strong><span style=\"color: var(--ast-global-color-5)\" class=\"stk-highlight\">M\u00e1s salud para los ba\u00f1istas cuidando el medioambiente.<\/span><\/strong><\/p>\n\n\n\n<div style=\"height:85px\" aria-hidden=\"true\" class=\"wp-block-spacer\"><\/div>\n<\/div>\n\n\n\n<div class=\"wp-block-uagb-column uagb-column__wrap uagb-column__background-undefined uagb-block-f1ec6cab\"><div class=\"uagb-column__overlay\"><\/div><\/div>\n<\/div><\/section>\n<\/div>\n\n\n\n<div id=\"planeta\" class=\"wp-block-uagb-container uagb-block-5d9c470b alignfull uagb-is-root-container\"><div class=\"uagb-container-inner-blocks-wrap\">\n<div class=\"wp-block-uagb-container uagb-block-c80a4aaa\">\n<div class=\"wp-block-uagb-advanced-heading uagb-block-16e9e12d\"><h1 class=\"uagb-heading-text\">El planeta nos exige tomar <strong>acci\u00f3n<\/strong> HOY por la salud y el <strong>medioambiente<\/strong>.<\/h1><p class=\"uagb-desc-text\">Automatizar <strong>el control de la dosificaci\u00f3n de qu\u00edmicos en el agua de la piscina, o reemplazarlo por desinfecci\u00f3n natural es el principal camino<\/strong>. El siguiente es monitorear todas las piletas del grupo en un solo lugar: eControl Cloud.<\/p><\/div>\n<\/div>\n\n\n\n<div class=\"wp-block-uagb-container uagb-block-44d72087 alignfull uagb-is-root-container\"><div class=\"uagb-container-inner-blocks-wrap\">\n<section class=\"wp-block-uagb-columns uagb-columns__wrap uagb-columns__background-none uagb-columns__stack-mobile uagb-columns__valign- uagb-columns__gap-10 align uagb-block-75dd0e62 uagb-columns__columns-2 uagb-columns__max_width-theme\"><div class=\"uagb-columns__overlay\"><\/div><div class=\"uagb-columns__inner-wrap uagb-columns__columns-2\">\n<div class=\"wp-block-uagb-column uagb-column__wrap uagb-column__background-undefined uagb-block-566510bd\"><div class=\"uagb-column__overlay\"><\/div>\n<div class=\"wp-block-uagb-image aligncenter uagb-block-93b2ea1e wp-block-uagb-image--layout-default wp-block-uagb-image--effect-static wp-block-uagb-image--align-center\"><figure class=\"wp-block-uagb-image__figure\"><img decoding=\"async\" src=\"https:\/\/www.cerramientosmoviles.com\/es\/wp-content\/uploads\/2023\/02\/celu.png\" alt=\"eControl Clou de Cerramientos M\u00f3viles - Celular con la app de automatizaci\u00f3n para piletas\" class=\"uag-image-3956\" width=\"560\" height=\"999\" title=\"\" loading=\"lazy\" \/><\/figure><\/div>\n<\/div>\n\n\n\n<div class=\"wp-block-uagb-column uagb-column__wrap uagb-column__background-undefined uagb-block-41a1f658\"><div class=\"uagb-column__overlay\"><\/div>\n<div class=\"wp-block-uagb-info-box uagb-block-70521ccb uagb-infobox__content-wrap  uagb-infobox-icon-above-title uagb-infobox-image-valign-top\"><div class=\"uagb-ifb-content\"><div class=\"uagb-ifb-title-wrap\"><span class=\"uagb-ifb-title-prefix\">eControl Cloud<\/span><h2 class=\"uagb-ifb-title\">Piscinas inteligentes y conectadas a nuestra central monitoreada por expertos.<\/h2><\/div><p class=\"uagb-ifb-desc\"><strong>Utilizamos Pool Xpert.<\/strong> La \u00faltima tecnolog\u00eda en sistemas de automatizaci\u00f3n y tratamiento inteligente del agua. Una piscina automatizada le da la tranquilidad de saber que <strong>los niveles de desinfecci\u00f3n son estables de forma constante y sin utilizar productos qu\u00edmicos de m\u00e1s.<\/strong> Garantiza los par\u00e1metros estables sin importar la demanda de usuarios, el clima o cualquier otro factor variable.<br><br><strong>Pool Xpert mide y dosifica autom\u00e1ticamente<\/strong> lo que la pileta necesita<strong> <\/strong>en el momento justo que lo necesita <strong>evitando errores humanos<\/strong> de todo tipo y documentando en tiempo real toda acci\u00f3n en <strong>eControl Cloud<\/strong>.<br><br>Desde nuestra central de monitoreo recibimos, analizamos y controlamos cada par\u00e1metro de la piscina de forma independiente y grupal.<br><br>En caso de alertas tendremos distintas acciones a ejecutar pactadas previamente con cada cliente.<\/p><\/div><\/div>\n<\/div>\n<\/div><\/section>\n<\/div><\/div>\n\n\n\n<div class=\"wp-block-uagb-container uagb-block-b861d317\">\n<section class=\"wp-block-uagb-columns uagb-columns__wrap uagb-columns__background-none uagb-columns__stack-mobile uagb-columns__valign-top uagb-columns__gap-20 align uagb-columns__reverse-mobile uagb-block-965e634b uagb-columns__columns-2 uagb-columns__max_width-theme\"><div class=\"uagb-columns__overlay\"><\/div><div class=\"uagb-columns__inner-wrap uagb-columns__columns-2\">\n<div class=\"wp-block-uagb-column uagb-column__wrap uagb-column__background-undefined uagb-block-c9e1e42b\"><div class=\"uagb-column__overlay\"><\/div>\n<div class=\"wp-block-uagb-image aligncenter uagb-block-cfab08c8 wp-block-uagb-image--layout-default wp-block-uagb-image--effect-static wp-block-uagb-image--align-center\"><figure class=\"wp-block-uagb-image__figure\"><img decoding=\"async\" src=\"https:\/\/www.cerramientosmoviles.com\/es\/wp-content\/uploads\/2023\/02\/logo-1.png\" alt=\"\" class=\"uag-image-3974\" width=\"324\" height=\"139\" title=\"\" loading=\"lazy\" \/><\/figure><\/div>\n\n\n\n<div style=\"height:20px\" aria-hidden=\"true\" class=\"wp-block-spacer\"><\/div>\n\n\n\n<div class=\"wp-block-uagb-info-box uagb-block-e9c41d86 uagb-infobox__content-wrap  uagb-infobox-icon-above-title uagb-infobox-image-valign-top\"><div class=\"uagb-ifb-content\"><div class=\"uagb-ifb-title-wrap\"><h3 class=\"uagb-ifb-title\"><span style=\"color: var(--ast-global-color-3)\" class=\"stk-highlight\">Jos\u00e9 Meolans<\/span><\/h3><\/div><p class=\"uagb-ifb-desc\"><span style=\"color: var(--ast-global-color-3)\" class=\"stk-highlight\"><strong>Nadie mejor que \u00e9l para recomendar lo mejor en el mundo de la nataci\u00f3n y el cuidado del planeta.<\/strong> Junto a Jos\u00e9 realizamos acciones de concientizaci\u00f3n de la importancia de automatizar para controlar y cuidar el medioambiente.<br><\/span><br><strong>Un poco de Jos\u00e9: <br><\/strong><span style=\"color: var(--ast-global-color-3)\" class=\"stk-highlight\">En el 2002 se convirti\u00f3 en el primer nadador argentino en consagrarse Campe\u00f3n Mundial. La haza\u00f1a fue en Mosc\u00fa, Rusia, en la prueba de los 50m libres, con un tiempo de 21.36, r\u00e9cord de campeonato mundial de ese momento.<\/span><\/p><\/div><\/div>\n<\/div>\n\n\n\n<div class=\"wp-block-uagb-column uagb-column__wrap uagb-column__background-image uagb-block-9e9e4fe3\"><div class=\"uagb-column__overlay\"><\/div>\n<div style=\"height:404px\" aria-hidden=\"true\" class=\"wp-block-spacer\"><\/div>\n<\/div>\n<\/div><\/section>\n<\/div>\n\n\n\n<div class=\"wp-block-uagb-container uagb-block-d66f463d\">\n<section class=\"wp-block-uagb-section uagb-section__wrap uagb-section__background-image uagb-block-3e094110\"><div class=\"uagb-section__overlay\"><\/div><div class=\"uagb-section__inner-wrap\">\n<div class=\"wp-block-uagb-advanced-heading uagb-block-2fbc9b38\"><h2 class=\"uagb-heading-text\"><mark class=\"uagb-highlight\">Prevenir<\/mark>, mejor que curar<\/h2><p class=\"uagb-desc-text\"><span style=\"color: var(--ast-global-color-0)\" class=\"stk-highlight\"><strong><strong>Alertas a tiempo<\/strong> <\/strong>sobre cualquier necesidad de atenci\u00f3n que requiera la piscina ser\u00e1n atendidas y delegados a los encargados de cada pileta.<br><br>Ante cualquier eventualidad un experto de eControl Cloud se pondr\u00e1 en contacto con el encargado de la pileta en cuesti\u00f3n para <strong>informarle o incluso guiarlo en el proceso de la soluci\u00f3n<\/strong>. Por ejemplo: rellenar un deposito con bajo contenido, revisar controladores, controlar inyectores, etc. Tambi\u00e9n notificaremos la realizaci\u00f3n de <strong>mantenimientos preventivos<\/strong>.<\/span><\/p><\/div>\n<\/div><\/section>\n<\/div>\n<\/div><\/div>\n\n\n\n<div class=\"wp-block-uagb-container uagb-block-ba78c9bd alignfull uagb-is-root-container\"><div class=\"uagb-container-inner-blocks-wrap\">\n<div class=\"wp-block-uagb-advanced-heading uagb-block-8c2d5b4d\"><h2 class=\"uagb-heading-text\">Paso a Paso<\/h2><\/div>\n\n\n\n<div class=\"wp-block-uagb-container uagb-block-878547c2 alignfull uagb-is-root-container\">\n<div class=\"wp-block-uagb-image aligncenter uagb-block-c419ec4e wp-block-uagb-image--layout-default wp-block-uagb-image--effect-static wp-block-uagb-image--align-center\"><figure class=\"wp-block-uagb-image__figure\"><img decoding=\"async\" src=\"https:\/\/www.cerramientosmoviles.com\/es\/wp-content\/uploads\/2023\/02\/circulos-ok.png\" alt=\"\" class=\"uag-image-4003\" width=\"834\" height=\"708\" title=\"\" loading=\"lazy\" \/><\/figure><\/div>\n<\/div>\n<\/div><\/div>\n\n\n\n<div style=\"height:40px\" aria-hidden=\"true\" class=\"wp-block-spacer\"><\/div>\n","protected":false},"excerpt":{"rendered":"<p>Monitoreo Online para Piletas en Red. Inteligencia artificial para piletas y supervisi\u00f3n humana constante para garantizar niveles \u00f3ptimos de desinfecci\u00f3n y control de qu\u00edmicos. M\u00e1s salud para los ba\u00f1istas cuidando el medioambiente. El planeta nos exige tomar acci\u00f3n HOY por la salud y el medioambiente. Automatizar el control de la dosificaci\u00f3n de qu\u00edmicos en el [&hellip;]<\/p>\n","protected":false},"author":5,"featured_media":0,"parent":0,"menu_order":0,"comment_status":"closed","ping_status":"closed","template":"","meta":{"_uag_custom_page_level_css":"","site-sidebar-layout":"default","site-content-layout":"","ast-site-content-layout":"","site-content-style":"default","site-sidebar-style":"default","ast-global-header-display":"","ast-banner-title-visibility":"","ast-main-header-display":"","ast-hfb-above-header-display":"","ast-hfb-below-header-display":"","ast-hfb-mobile-header-display":"","site-post-title":"","ast-breadcrumbs-content":"","ast-featured-img":"","footer-sml-layout":"","theme-transparent-header-meta":"","adv-header-id-meta":"","stick-header-meta":"","header-above-stick-meta":"","header-main-stick-meta":"","header-below-stick-meta":"","astra-migrate-meta-layouts":"default","ast-page-background-enabled":"default","ast-page-background-meta":{"desktop":{"background-color":"","background-image":"","background-repeat":"repeat","background-position":"center center","background-size":"auto","background-attachment":"scroll","background-type":"","background-media":"","overlay-type":"","overlay-color":"","overlay-opacity":"","overlay-gradient":""},"tablet":{"background-color":"","background-image":"","background-repeat":"repeat","background-position":"center center","background-size":"auto","background-attachment":"scroll","background-type":"","background-media":"","overlay-type":"","overlay-color":"","overlay-opacity":"","overlay-gradient":""},"mobile":{"background-color":"","background-image":"","background-repeat":"repeat","background-position":"center center","background-size":"auto","background-attachment":"scroll","background-type":"","background-media":"","overlay-type":"","overlay-color":"","overlay-opacity":"","overlay-gradient":""}},"ast-content-background-meta":{"desktop":{"background-color":"var(--ast-global-color-5)","background-image":"","background-repeat":"repeat","background-position":"center center","background-size":"auto","background-attachment":"scroll","background-type":"","background-media":"","overlay-type":"","overlay-color":"","overlay-opacity":"","overlay-gradient":""},"tablet":{"background-color":"var(--ast-global-color-5)","background-image":"","background-repeat":"repeat","background-position":"center center","background-size":"auto","background-attachment":"scroll","background-type":"","background-media":"","overlay-type":"","overlay-color":"","overlay-opacity":"","overlay-gradient":""},"mobile":{"background-color":"var(--ast-global-color-5)","background-image":"","background-repeat":"repeat","background-position":"center center","background-size":"auto","background-attachment":"scroll","background-type":"","background-media":"","overlay-type":"","overlay-color":"","overlay-opacity":"","overlay-gradient":""}},"footnotes":""},"class_list":["post-3905","page","type-page","status-publish","hentry"],"featured_image_urls_v2":{"full":"","thumbnail":"","medium":"","medium_large":"","large":"","1536x1536":"","2048x2048":""},"post_excerpt_stackable_v2":"<p>Monitoreo Online para Piletas en Red.Inteligencia artificial para piletas y supervisi\u00f3n humana constante para garantizar niveles \u00f3ptimos de desinfecci\u00f3n y control de qu\u00edmicos. M\u00e1s salud para los ba\u00f1istas cuidando el medioambiente. El planeta nos exige tomar acci\u00f3n HOY por la salud y el medioambiente.Automatizar el control de la dosificaci\u00f3n de qu\u00edmicos en el agua de la piscina, o reemplazarlo por desinfecci\u00f3n natural es el principal camino. El siguiente es monitorear todas las piletas del grupo en un solo lugar: eControl Cloud. eControl CloudPiscinas inteligentes y conectadas a nuestra central monitoreada por expertos.Utilizamos Pool Xpert. La \u00faltima tecnolog\u00eda en sistemas de&hellip;<\/p>\n","category_list_v2":"","author_info_v2":{"name":"Leonardo Giroldi","url":"https:\/\/cerramientosmoviles.com\/es\/author\/leogiroldi\/"},"comments_num_v2":"0 comments","yoast_head":"<!-- This site is optimized with the Yoast SEO plugin v27.3 - https:\/\/yoast.com\/product\/yoast-seo-wordpress\/ -->\n<title>eControl Cloud Monitoreo Online - Cerramientos M\u00f3viles<\/title>\n<meta name=\"robots\" content=\"index, follow, max-snippet:-1, max-image-preview:large, max-video-preview:-1\" \/>\n<link rel=\"canonical\" href=\"https:\/\/cerramientosmoviles.com\/es\/econtrol-cloud\/\" \/>\n<meta property=\"og:locale\" content=\"es_ES\" \/>\n<meta property=\"og:type\" content=\"article\" \/>\n<meta property=\"og:title\" content=\"eControl Cloud Monitoreo Online - Cerramientos M\u00f3viles\" \/>\n<meta property=\"og:description\" content=\"Monitoreo Online para Piletas en Red. Inteligencia artificial para piletas y supervisi\u00f3n humana constante para garantizar niveles \u00f3ptimos de desinfecci\u00f3n y control de qu\u00edmicos. M\u00e1s salud para los ba\u00f1istas cuidando el medioambiente. El planeta nos exige tomar acci\u00f3n HOY por la salud y el medioambiente. Automatizar el control de la dosificaci\u00f3n de qu\u00edmicos en el [&hellip;]\" \/>\n<meta property=\"og:url\" content=\"https:\/\/cerramientosmoviles.com\/es\/econtrol-cloud\/\" \/>\n<meta property=\"og:site_name\" content=\"Cerramientos M\u00f3viles\" \/>\n<meta property=\"article:publisher\" content=\"https:\/\/www.facebook.com\/CerramientosMovilesOficial\" \/>\n<meta property=\"article:modified_time\" content=\"2024-07-09T13:16:18+00:00\" \/>\n<meta property=\"og:image\" content=\"https:\/\/www.cerramientosmoviles.com\/es\/wp-content\/uploads\/2023\/02\/2.png\" \/>\n<meta name=\"twitter:card\" content=\"summary_large_image\" \/>\n<meta name=\"twitter:label1\" content=\"Tiempo de lectura\" \/>\n\t<meta name=\"twitter:data1\" content=\"3 minutos\" \/>\n<script type=\"application\/ld+json\" class=\"yoast-schema-graph\">{\"@context\":\"https:\\\/\\\/schema.org\",\"@graph\":[{\"@type\":\"WebPage\",\"@id\":\"https:\\\/\\\/cerramientosmoviles.com\\\/es\\\/econtrol-cloud\\\/\",\"url\":\"https:\\\/\\\/cerramientosmoviles.com\\\/es\\\/econtrol-cloud\\\/\",\"name\":\"eControl Cloud Monitoreo Online - Cerramientos M\u00f3viles\",\"isPartOf\":{\"@id\":\"https:\\\/\\\/cerramientosmoviles.com\\\/es\\\/#website\"},\"primaryImageOfPage\":{\"@id\":\"https:\\\/\\\/cerramientosmoviles.com\\\/es\\\/econtrol-cloud\\\/#primaryimage\"},\"image\":{\"@id\":\"https:\\\/\\\/cerramientosmoviles.com\\\/es\\\/econtrol-cloud\\\/#primaryimage\"},\"thumbnailUrl\":\"https:\\\/\\\/www.cerramientosmoviles.com\\\/es\\\/wp-content\\\/uploads\\\/2023\\\/02\\\/2.png\",\"datePublished\":\"2023-02-26T10:11:56+00:00\",\"dateModified\":\"2024-07-09T13:16:18+00:00\",\"breadcrumb\":{\"@id\":\"https:\\\/\\\/cerramientosmoviles.com\\\/es\\\/econtrol-cloud\\\/#breadcrumb\"},\"inLanguage\":\"es-AR\",\"potentialAction\":[{\"@type\":\"ReadAction\",\"target\":[\"https:\\\/\\\/cerramientosmoviles.com\\\/es\\\/econtrol-cloud\\\/\"]}]},{\"@type\":\"ImageObject\",\"inLanguage\":\"es-AR\",\"@id\":\"https:\\\/\\\/cerramientosmoviles.com\\\/es\\\/econtrol-cloud\\\/#primaryimage\",\"url\":\"https:\\\/\\\/www.cerramientosmoviles.com\\\/es\\\/wp-content\\\/uploads\\\/2023\\\/02\\\/2.png\",\"contentUrl\":\"https:\\\/\\\/www.cerramientosmoviles.com\\\/es\\\/wp-content\\\/uploads\\\/2023\\\/02\\\/2.png\"},{\"@type\":\"BreadcrumbList\",\"@id\":\"https:\\\/\\\/cerramientosmoviles.com\\\/es\\\/econtrol-cloud\\\/#breadcrumb\",\"itemListElement\":[{\"@type\":\"ListItem\",\"position\":1,\"name\":\"Inicio\",\"item\":\"https:\\\/\\\/cerramientosmoviles.com\\\/es\\\/\"},{\"@type\":\"ListItem\",\"position\":2,\"name\":\"eControl Cloud Monitoreo Online\"}]},{\"@type\":\"WebSite\",\"@id\":\"https:\\\/\\\/cerramientosmoviles.com\\\/es\\\/#website\",\"url\":\"https:\\\/\\\/cerramientosmoviles.com\\\/es\\\/\",\"name\":\"Cerramientos M\u00f3viles\",\"description\":\"Techos para piletas de todo tipo.\",\"publisher\":{\"@id\":\"https:\\\/\\\/cerramientosmoviles.com\\\/es\\\/#organization\"},\"potentialAction\":[{\"@type\":\"SearchAction\",\"target\":{\"@type\":\"EntryPoint\",\"urlTemplate\":\"https:\\\/\\\/cerramientosmoviles.com\\\/es\\\/?s={search_term_string}\"},\"query-input\":{\"@type\":\"PropertyValueSpecification\",\"valueRequired\":true,\"valueName\":\"search_term_string\"}}],\"inLanguage\":\"es-AR\"},{\"@type\":\"Organization\",\"@id\":\"https:\\\/\\\/cerramientosmoviles.com\\\/es\\\/#organization\",\"name\":\"Cerramientos M\u00f3viles\",\"url\":\"https:\\\/\\\/cerramientosmoviles.com\\\/es\\\/\",\"logo\":{\"@type\":\"ImageObject\",\"inLanguage\":\"es-AR\",\"@id\":\"https:\\\/\\\/cerramientosmoviles.com\\\/es\\\/#\\\/schema\\\/logo\\\/image\\\/\",\"url\":\"\",\"contentUrl\":\"\",\"caption\":\"Cerramientos M\u00f3viles\"},\"image\":{\"@id\":\"https:\\\/\\\/cerramientosmoviles.com\\\/es\\\/#\\\/schema\\\/logo\\\/image\\\/\"},\"sameAs\":[\"https:\\\/\\\/www.facebook.com\\\/CerramientosMovilesOficial\",\"https:\\\/\\\/www.instagram.com\\\/cerramientosmoviles\\\/\",\"https:\\\/\\\/www.linkedin.com\\\/company\\\/cerramientosmoviles\\\/\"]}]}<\/script>\n<!-- \/ Yoast SEO plugin. -->","yoast_head_json":{"title":"eControl Cloud Monitoreo Online - Cerramientos M\u00f3viles","robots":{"index":"index","follow":"follow","max-snippet":"max-snippet:-1","max-image-preview":"max-image-preview:large","max-video-preview":"max-video-preview:-1"},"canonical":"https:\/\/cerramientosmoviles.com\/es\/econtrol-cloud\/","og_locale":"es_ES","og_type":"article","og_title":"eControl Cloud Monitoreo Online - Cerramientos M\u00f3viles","og_description":"Monitoreo Online para Piletas en Red. Inteligencia artificial para piletas y supervisi\u00f3n humana constante para garantizar niveles \u00f3ptimos de desinfecci\u00f3n y control de qu\u00edmicos. M\u00e1s salud para los ba\u00f1istas cuidando el medioambiente. El planeta nos exige tomar acci\u00f3n HOY por la salud y el medioambiente. Automatizar el control de la dosificaci\u00f3n de qu\u00edmicos en el [&hellip;]","og_url":"https:\/\/cerramientosmoviles.com\/es\/econtrol-cloud\/","og_site_name":"Cerramientos M\u00f3viles","article_publisher":"https:\/\/www.facebook.com\/CerramientosMovilesOficial","article_modified_time":"2024-07-09T13:16:18+00:00","og_image":[{"url":"https:\/\/www.cerramientosmoviles.com\/es\/wp-content\/uploads\/2023\/02\/2.png","type":"","width":"","height":""}],"twitter_card":"summary_large_image","twitter_misc":{"Tiempo de lectura":"3 minutos"},"schema":{"@context":"https:\/\/schema.org","@graph":[{"@type":"WebPage","@id":"https:\/\/cerramientosmoviles.com\/es\/econtrol-cloud\/","url":"https:\/\/cerramientosmoviles.com\/es\/econtrol-cloud\/","name":"eControl Cloud Monitoreo Online - Cerramientos M\u00f3viles","isPartOf":{"@id":"https:\/\/cerramientosmoviles.com\/es\/#website"},"primaryImageOfPage":{"@id":"https:\/\/cerramientosmoviles.com\/es\/econtrol-cloud\/#primaryimage"},"image":{"@id":"https:\/\/cerramientosmoviles.com\/es\/econtrol-cloud\/#primaryimage"},"thumbnailUrl":"https:\/\/www.cerramientosmoviles.com\/es\/wp-content\/uploads\/2023\/02\/2.png","datePublished":"2023-02-26T10:11:56+00:00","dateModified":"2024-07-09T13:16:18+00:00","breadcrumb":{"@id":"https:\/\/cerramientosmoviles.com\/es\/econtrol-cloud\/#breadcrumb"},"inLanguage":"es-AR","potentialAction":[{"@type":"ReadAction","target":["https:\/\/cerramientosmoviles.com\/es\/econtrol-cloud\/"]}]},{"@type":"ImageObject","inLanguage":"es-AR","@id":"https:\/\/cerramientosmoviles.com\/es\/econtrol-cloud\/#primaryimage","url":"https:\/\/www.cerramientosmoviles.com\/es\/wp-content\/uploads\/2023\/02\/2.png","contentUrl":"https:\/\/www.cerramientosmoviles.com\/es\/wp-content\/uploads\/2023\/02\/2.png"},{"@type":"BreadcrumbList","@id":"https:\/\/cerramientosmoviles.com\/es\/econtrol-cloud\/#breadcrumb","itemListElement":[{"@type":"ListItem","position":1,"name":"Inicio","item":"https:\/\/cerramientosmoviles.com\/es\/"},{"@type":"ListItem","position":2,"name":"eControl Cloud Monitoreo Online"}]},{"@type":"WebSite","@id":"https:\/\/cerramientosmoviles.com\/es\/#website","url":"https:\/\/cerramientosmoviles.com\/es\/","name":"Cerramientos M\u00f3viles","description":"Techos para piletas de todo tipo.","publisher":{"@id":"https:\/\/cerramientosmoviles.com\/es\/#organization"},"potentialAction":[{"@type":"SearchAction","target":{"@type":"EntryPoint","urlTemplate":"https:\/\/cerramientosmoviles.com\/es\/?s={search_term_string}"},"query-input":{"@type":"PropertyValueSpecification","valueRequired":true,"valueName":"search_term_string"}}],"inLanguage":"es-AR"},{"@type":"Organization","@id":"https:\/\/cerramientosmoviles.com\/es\/#organization","name":"Cerramientos M\u00f3viles","url":"https:\/\/cerramientosmoviles.com\/es\/","logo":{"@type":"ImageObject","inLanguage":"es-AR","@id":"https:\/\/cerramientosmoviles.com\/es\/#\/schema\/logo\/image\/","url":"","contentUrl":"","caption":"Cerramientos M\u00f3viles"},"image":{"@id":"https:\/\/cerramientosmoviles.com\/es\/#\/schema\/logo\/image\/"},"sameAs":["https:\/\/www.facebook.com\/CerramientosMovilesOficial","https:\/\/www.instagram.com\/cerramientosmoviles\/","https:\/\/www.linkedin.com\/company\/cerramientosmoviles\/"]}]}},"uagb_featured_image_src":{"full":false,"thumbnail":false,"medium":false,"medium_large":false,"large":false,"1536x1536":false,"2048x2048":false},"uagb_author_info":{"display_name":"Leonardo Giroldi","author_link":"https:\/\/cerramientosmoviles.com\/es\/author\/leogiroldi\/"},"uagb_comment_info":0,"uagb_excerpt":"Monitoreo Online para Piletas en Red. Inteligencia artificial para piletas y supervisi\u00f3n humana constante para garantizar niveles \u00f3ptimos de desinfecci\u00f3n y control de qu\u00edmicos. M\u00e1s salud para los ba\u00f1istas cuidando el medioambiente. El planeta nos exige tomar acci\u00f3n HOY por la salud y el medioambiente. Automatizar el control de la dosificaci\u00f3n de qu\u00edmicos en el&hellip;","_links":{"self":[{"href":"https:\/\/cerramientosmoviles.com\/es\/wp-json\/wp\/v2\/pages\/3905","targetHints":{"allow":["GET"]}}],"collection":[{"href":"https:\/\/cerramientosmoviles.com\/es\/wp-json\/wp\/v2\/pages"}],"about":[{"href":"https:\/\/cerramientosmoviles.com\/es\/wp-json\/wp\/v2\/types\/page"}],"author":[{"embeddable":true,"href":"https:\/\/cerramientosmoviles.com\/es\/wp-json\/wp\/v2\/users\/5"}],"replies":[{"embeddable":true,"href":"https:\/\/cerramientosmoviles.com\/es\/wp-json\/wp\/v2\/comments?post=3905"}],"version-history":[{"count":58,"href":"https:\/\/cerramientosmoviles.com\/es\/wp-json\/wp\/v2\/pages\/3905\/revisions"}],"predecessor-version":[{"id":4377,"href":"https:\/\/cerramientosmoviles.com\/es\/wp-json\/wp\/v2\/pages\/3905\/revisions\/4377"}],"wp:attachment":[{"href":"https:\/\/cerramientosmoviles.com\/es\/wp-json\/wp\/v2\/media?parent=3905"}],"curies":[{"name":"wp","href":"https:\/\/api.w.org\/{rel}","templated":true}]}}