{"id":1725,"date":"2021-03-01T21:25:50","date_gmt":"2021-03-02T00:25:50","guid":{"rendered":"https:\/\/www.cerramientosmoviles.com\/es\/?page_id=1725"},"modified":"2022-06-03T18:19:33","modified_gmt":"2022-06-03T21:19:33","slug":"presupuestos","status":"publish","type":"page","link":"https:\/\/cerramientosmoviles.com\/es\/presupuestos\/","title":{"rendered":"Presupuestos"},"content":{"rendered":"\n<section class=\"wp-block-uagb-section uagb-section__wrap uagb-section__background-undefined uagb-block-8808436e\"><div class=\"uagb-section__overlay\"><\/div><div class=\"uagb-section__inner-wrap\">\n<h1 class=\"wp-block-heading\">Solicit\u00e1 tu presupuesto<\/h1>\n\n\n\n<p>Un asesor te responder\u00e1 a la brevedad para dar soluci\u00f3n a tu proyecto.<\/p>\n\n\n\n<div style=\"height:50px\" aria-hidden=\"true\" class=\"wp-block-spacer\"><\/div>\n\n\n\n<div class=\"wpcf7 no-js\" id=\"wpcf7-f3582-o1\" lang=\"es-AR\" dir=\"ltr\" data-wpcf7-id=\"3582\">\n<div class=\"screen-reader-response\"><p role=\"status\" aria-live=\"polite\" aria-atomic=\"true\"><\/p> <ul><\/ul><\/div>\n<form action=\"\/es\/wp-json\/wp\/v2\/pages\/1725#wpcf7-f3582-o1\" method=\"post\" class=\"wpcf7-form init\" aria-label=\"Formulario de contacto\" enctype=\"multipart\/form-data\" novalidate=\"novalidate\" data-status=\"init\">\n<fieldset class=\"hidden-fields-container\"><input type=\"hidden\" name=\"_wpcf7\" value=\"3582\" \/><input type=\"hidden\" name=\"_wpcf7_version\" value=\"6.1.5\" \/><input type=\"hidden\" name=\"_wpcf7_locale\" value=\"es_AR\" \/><input type=\"hidden\" name=\"_wpcf7_unit_tag\" value=\"wpcf7-f3582-o1\" \/><input type=\"hidden\" name=\"_wpcf7_container_post\" value=\"0\" \/><input type=\"hidden\" name=\"_wpcf7_posted_data_hash\" value=\"\" \/>\n<\/fieldset>\n<h3>Sus datos\n<\/h3>\n<p><span class=\"wpcf7-form-control-wrap\" data-name=\"your-name\"><input size=\"40\" maxlength=\"400\" class=\"wpcf7-form-control wpcf7-text wpcf7-validates-as-required\" aria-required=\"true\" aria-invalid=\"false\" placeholder=\"Nombre: *\" value=\"\" type=\"text\" name=\"your-name\" \/><\/span><br \/>\n<span class=\"wpcf7-form-control-wrap\" data-name=\"your-email\"><input size=\"40\" maxlength=\"400\" class=\"wpcf7-form-control wpcf7-email wpcf7-validates-as-required wpcf7-text wpcf7-validates-as-email\" aria-required=\"true\" aria-invalid=\"false\" placeholder=\"Email: *\" value=\"\" type=\"email\" name=\"your-email\" \/><\/span><br \/>\n<span class=\"wpcf7-form-control-wrap\" data-name=\"your-prov\"><input size=\"40\" maxlength=\"400\" class=\"wpcf7-form-control wpcf7-text wpcf7-validates-as-required\" aria-required=\"true\" aria-invalid=\"false\" placeholder=\"Provincia: *\" value=\"\" type=\"text\" name=\"your-prov\" \/><\/span><br \/>\n<span class=\"wpcf7-form-control-wrap\" data-name=\"your-local\"><input size=\"40\" maxlength=\"400\" class=\"wpcf7-form-control wpcf7-text wpcf7-validates-as-required\" aria-required=\"true\" aria-invalid=\"false\" placeholder=\"Localidad: *\" value=\"\" type=\"text\" name=\"your-local\" \/><\/span><br \/>\n<span class=\"wpcf7-form-control-wrap\" data-name=\"your-phone\"><input class=\"wpcf7-form-control wpcf7-number wpcf7-validates-as-required wpcf7-validates-as-number\" aria-required=\"true\" aria-invalid=\"false\" placeholder=\"Whatsapp: *\" value=\"\" type=\"number\" name=\"your-phone\" \/><\/span>\n<\/p>\n<h3>Datos de la pileta\n<\/h3>\n<p><span class=\"wpcf7-form-control-wrap\" data-name=\"ancho\"><input size=\"40\" maxlength=\"400\" class=\"wpcf7-form-control wpcf7-text wpcf7-validates-as-required\" aria-required=\"true\" aria-invalid=\"false\" placeholder=\"Ancho: *\" value=\"\" type=\"text\" name=\"ancho\" \/><\/span><br \/>\n<span class=\"wpcf7-form-control-wrap\" data-name=\"largo\"><input size=\"40\" maxlength=\"400\" class=\"wpcf7-form-control wpcf7-text wpcf7-validates-as-required\" aria-required=\"true\" aria-invalid=\"false\" placeholder=\"Largo: *\" value=\"\" type=\"text\" name=\"largo\" \/><\/span><br \/>\n<span class=\"wpcf7-form-control-wrap\" data-name=\"your-message\"><textarea cols=\"40\" rows=\"10\" maxlength=\"2000\" class=\"wpcf7-form-control wpcf7-textarea\" aria-invalid=\"false\" placeholder=\"Consulta: *\" name=\"your-message\"><\/textarea><\/span><br \/>\n<span class=\"wpcf7-form-control-wrap\" data-name=\"archivo\"><input size=\"40\" class=\"wpcf7-form-control wpcf7-file\" accept=\".jpg,.png,.gif\" aria-invalid=\"false\" type=\"file\" name=\"archivo\" \/><\/span>\n<\/p>\n<p><input class=\"wpcf7-form-control wpcf7-submit has-spinner\" type=\"submit\" value=\"ENVIAR\" \/>\n<\/p><div class=\"wpcf7-response-output\" aria-hidden=\"true\"><\/div>\n<\/form>\n<\/div>\n\n\n\n\n<div style=\"height:50px\" aria-hidden=\"true\" class=\"wp-block-spacer\"><\/div>\n\n\n\t\t\t<div \n\t\t\tclass=\"wp-block-uagb-google-map uagb-google-map__wrap uagb-block-11f441c2     \"\n\t\t\tstyle=\"\" >\n\t\t\t\t<embed\n\t\t\t\t\tclass=\"uagb-google-map__iframe\"\n\t\t\t\t\ttitle=\"Google Map for \"\n\t\t\t\t\tsrc=\"https:\/\/maps.google.com\/maps?q=Cerramientos%20moviles&#038;z=12&#038;hl=es&#038;t=m&#038;output=embed&#038;iwloc=near\"\n\t\t\t\t\twidth=\"640\"\n\t\t\t\t\theight=\"300\"\n\t\t\t\t\tloading=\"lazy\"\n\t\t\t\t><\/embed>\n\t\t\t<\/div>\n\t\t\t<\/div><\/section>\n","protected":false},"excerpt":{"rendered":"","protected":false},"author":1,"featured_media":0,"parent":0,"menu_order":0,"comment_status":"closed","ping_status":"closed","template":"","meta":{"_uag_custom_page_level_css":"","site-sidebar-layout":"no-sidebar","site-content-layout":"page-builder","ast-site-content-layout":"","site-content-style":"default","site-sidebar-style":"default","ast-global-header-display":"","ast-banner-title-visibility":"","ast-main-header-display":"","ast-hfb-above-header-display":"","ast-hfb-below-header-display":"","ast-hfb-mobile-header-display":"","site-post-title":"disabled","ast-breadcrumbs-content":"disabled","ast-featured-img":"disabled","footer-sml-layout":"","theme-transparent-header-meta":"default","adv-header-id-meta":"","stick-header-meta":"","header-above-stick-meta":"","header-main-stick-meta":"","header-below-stick-meta":"","astra-migrate-meta-layouts":"default","ast-page-background-enabled":"default","ast-page-background-meta":{"desktop":{"background-color":"","background-image":"","background-repeat":"repeat","background-position":"center center","background-size":"auto","background-attachment":"scroll","background-type":"","background-media":"","overlay-type":"","overlay-color":"","overlay-opacity":"","overlay-gradient":""},"tablet":{"background-color":"","background-image":"","background-repeat":"repeat","background-position":"center center","background-size":"auto","background-attachment":"scroll","background-type":"","background-media":"","overlay-type":"","overlay-color":"","overlay-opacity":"","overlay-gradient":""},"mobile":{"background-color":"","background-image":"","background-repeat":"repeat","background-position":"center center","background-size":"auto","background-attachment":"scroll","background-type":"","background-media":"","overlay-type":"","overlay-color":"","overlay-opacity":"","overlay-gradient":""}},"ast-content-background-meta":{"desktop":{"background-color":"var(--ast-global-color-5)","background-image":"","background-repeat":"repeat","background-position":"center center","background-size":"auto","background-attachment":"scroll","background-type":"","background-media":"","overlay-type":"","overlay-color":"","overlay-opacity":"","overlay-gradient":""},"tablet":{"background-color":"var(--ast-global-color-5)","background-image":"","background-repeat":"repeat","background-position":"center center","background-size":"auto","background-attachment":"scroll","background-type":"","background-media":"","overlay-type":"","overlay-color":"","overlay-opacity":"","overlay-gradient":""},"mobile":{"background-color":"var(--ast-global-color-5)","background-image":"","background-repeat":"repeat","background-position":"center center","background-size":"auto","background-attachment":"scroll","background-type":"","background-media":"","overlay-type":"","overlay-color":"","overlay-opacity":"","overlay-gradient":""}},"footnotes":""},"class_list":["post-1725","page","type-page","status-publish","hentry"],"featured_image_urls_v2":{"full":"","thumbnail":"","medium":"","medium_large":"","large":"","1536x1536":"","2048x2048":""},"post_excerpt_stackable_v2":"<p>Solicit\u00e1 tu presupuesto Un asesor te responder\u00e1 a la brevedad para dar soluci\u00f3n a tu proyecto. Sus datos Datos de la pileta<\/p>\n","category_list_v2":"","author_info_v2":{"name":"CerramientosMoviles","url":"https:\/\/cerramientosmoviles.com\/es\/author\/cerramientosmoviles\/"},"comments_num_v2":"0 comments","yoast_head":"<!-- This site is optimized with the Yoast SEO plugin v27.3 - https:\/\/yoast.com\/product\/yoast-seo-wordpress\/ -->\n<title>Presupuestos - Cerramientos M\u00f3viles<\/title>\n<meta name=\"robots\" content=\"index, follow, max-snippet:-1, max-image-preview:large, max-video-preview:-1\" \/>\n<link rel=\"canonical\" href=\"https:\/\/cerramientosmoviles.com\/es\/presupuestos\/\" \/>\n<meta property=\"og:locale\" content=\"es_ES\" \/>\n<meta property=\"og:type\" content=\"article\" \/>\n<meta property=\"og:title\" content=\"Presupuestos - Cerramientos M\u00f3viles\" \/>\n<meta property=\"og:url\" content=\"https:\/\/cerramientosmoviles.com\/es\/presupuestos\/\" \/>\n<meta property=\"og:site_name\" content=\"Cerramientos M\u00f3viles\" \/>\n<meta property=\"article:publisher\" content=\"https:\/\/www.facebook.com\/CerramientosMovilesOficial\" \/>\n<meta property=\"article:modified_time\" content=\"2022-06-03T21:19:33+00:00\" \/>\n<meta name=\"twitter:card\" content=\"summary_large_image\" \/>\n<meta name=\"twitter:label1\" content=\"Tiempo de lectura\" \/>\n\t<meta name=\"twitter:data1\" content=\"1 minuto\" \/>\n<script type=\"application\/ld+json\" class=\"yoast-schema-graph\">{\"@context\":\"https:\\\/\\\/schema.org\",\"@graph\":[{\"@type\":\"WebPage\",\"@id\":\"https:\\\/\\\/cerramientosmoviles.com\\\/es\\\/presupuestos\\\/\",\"url\":\"https:\\\/\\\/cerramientosmoviles.com\\\/es\\\/presupuestos\\\/\",\"name\":\"Presupuestos - Cerramientos M\u00f3viles\",\"isPartOf\":{\"@id\":\"https:\\\/\\\/cerramientosmoviles.com\\\/es\\\/#website\"},\"datePublished\":\"2021-03-02T00:25:50+00:00\",\"dateModified\":\"2022-06-03T21:19:33+00:00\",\"breadcrumb\":{\"@id\":\"https:\\\/\\\/cerramientosmoviles.com\\\/es\\\/presupuestos\\\/#breadcrumb\"},\"inLanguage\":\"es-AR\",\"potentialAction\":[{\"@type\":\"ReadAction\",\"target\":[\"https:\\\/\\\/cerramientosmoviles.com\\\/es\\\/presupuestos\\\/\"]}]},{\"@type\":\"BreadcrumbList\",\"@id\":\"https:\\\/\\\/cerramientosmoviles.com\\\/es\\\/presupuestos\\\/#breadcrumb\",\"itemListElement\":[{\"@type\":\"ListItem\",\"position\":1,\"name\":\"Inicio\",\"item\":\"https:\\\/\\\/cerramientosmoviles.com\\\/es\\\/\"},{\"@type\":\"ListItem\",\"position\":2,\"name\":\"Presupuestos\"}]},{\"@type\":\"WebSite\",\"@id\":\"https:\\\/\\\/cerramientosmoviles.com\\\/es\\\/#website\",\"url\":\"https:\\\/\\\/cerramientosmoviles.com\\\/es\\\/\",\"name\":\"Cerramientos M\u00f3viles\",\"description\":\"Techos para piletas de todo tipo.\",\"publisher\":{\"@id\":\"https:\\\/\\\/cerramientosmoviles.com\\\/es\\\/#organization\"},\"potentialAction\":[{\"@type\":\"SearchAction\",\"target\":{\"@type\":\"EntryPoint\",\"urlTemplate\":\"https:\\\/\\\/cerramientosmoviles.com\\\/es\\\/?s={search_term_string}\"},\"query-input\":{\"@type\":\"PropertyValueSpecification\",\"valueRequired\":true,\"valueName\":\"search_term_string\"}}],\"inLanguage\":\"es-AR\"},{\"@type\":\"Organization\",\"@id\":\"https:\\\/\\\/cerramientosmoviles.com\\\/es\\\/#organization\",\"name\":\"Cerramientos M\u00f3viles\",\"url\":\"https:\\\/\\\/cerramientosmoviles.com\\\/es\\\/\",\"logo\":{\"@type\":\"ImageObject\",\"inLanguage\":\"es-AR\",\"@id\":\"https:\\\/\\\/cerramientosmoviles.com\\\/es\\\/#\\\/schema\\\/logo\\\/image\\\/\",\"url\":\"\",\"contentUrl\":\"\",\"caption\":\"Cerramientos M\u00f3viles\"},\"image\":{\"@id\":\"https:\\\/\\\/cerramientosmoviles.com\\\/es\\\/#\\\/schema\\\/logo\\\/image\\\/\"},\"sameAs\":[\"https:\\\/\\\/www.facebook.com\\\/CerramientosMovilesOficial\",\"https:\\\/\\\/www.instagram.com\\\/cerramientosmoviles\\\/\",\"https:\\\/\\\/www.linkedin.com\\\/company\\\/cerramientosmoviles\\\/\"]}]}<\/script>\n<!-- \/ Yoast SEO plugin. -->","yoast_head_json":{"title":"Presupuestos - Cerramientos M\u00f3viles","robots":{"index":"index","follow":"follow","max-snippet":"max-snippet:-1","max-image-preview":"max-image-preview:large","max-video-preview":"max-video-preview:-1"},"canonical":"https:\/\/cerramientosmoviles.com\/es\/presupuestos\/","og_locale":"es_ES","og_type":"article","og_title":"Presupuestos - Cerramientos M\u00f3viles","og_url":"https:\/\/cerramientosmoviles.com\/es\/presupuestos\/","og_site_name":"Cerramientos M\u00f3viles","article_publisher":"https:\/\/www.facebook.com\/CerramientosMovilesOficial","article_modified_time":"2022-06-03T21:19:33+00:00","twitter_card":"summary_large_image","twitter_misc":{"Tiempo de lectura":"1 minuto"},"schema":{"@context":"https:\/\/schema.org","@graph":[{"@type":"WebPage","@id":"https:\/\/cerramientosmoviles.com\/es\/presupuestos\/","url":"https:\/\/cerramientosmoviles.com\/es\/presupuestos\/","name":"Presupuestos - Cerramientos M\u00f3viles","isPartOf":{"@id":"https:\/\/cerramientosmoviles.com\/es\/#website"},"datePublished":"2021-03-02T00:25:50+00:00","dateModified":"2022-06-03T21:19:33+00:00","breadcrumb":{"@id":"https:\/\/cerramientosmoviles.com\/es\/presupuestos\/#breadcrumb"},"inLanguage":"es-AR","potentialAction":[{"@type":"ReadAction","target":["https:\/\/cerramientosmoviles.com\/es\/presupuestos\/"]}]},{"@type":"BreadcrumbList","@id":"https:\/\/cerramientosmoviles.com\/es\/presupuestos\/#breadcrumb","itemListElement":[{"@type":"ListItem","position":1,"name":"Inicio","item":"https:\/\/cerramientosmoviles.com\/es\/"},{"@type":"ListItem","position":2,"name":"Presupuestos"}]},{"@type":"WebSite","@id":"https:\/\/cerramientosmoviles.com\/es\/#website","url":"https:\/\/cerramientosmoviles.com\/es\/","name":"Cerramientos M\u00f3viles","description":"Techos para piletas de todo tipo.","publisher":{"@id":"https:\/\/cerramientosmoviles.com\/es\/#organization"},"potentialAction":[{"@type":"SearchAction","target":{"@type":"EntryPoint","urlTemplate":"https:\/\/cerramientosmoviles.com\/es\/?s={search_term_string}"},"query-input":{"@type":"PropertyValueSpecification","valueRequired":true,"valueName":"search_term_string"}}],"inLanguage":"es-AR"},{"@type":"Organization","@id":"https:\/\/cerramientosmoviles.com\/es\/#organization","name":"Cerramientos M\u00f3viles","url":"https:\/\/cerramientosmoviles.com\/es\/","logo":{"@type":"ImageObject","inLanguage":"es-AR","@id":"https:\/\/cerramientosmoviles.com\/es\/#\/schema\/logo\/image\/","url":"","contentUrl":"","caption":"Cerramientos M\u00f3viles"},"image":{"@id":"https:\/\/cerramientosmoviles.com\/es\/#\/schema\/logo\/image\/"},"sameAs":["https:\/\/www.facebook.com\/CerramientosMovilesOficial","https:\/\/www.instagram.com\/cerramientosmoviles\/","https:\/\/www.linkedin.com\/company\/cerramientosmoviles\/"]}]}},"uagb_featured_image_src":{"full":false,"thumbnail":false,"medium":false,"medium_large":false,"large":false,"1536x1536":false,"2048x2048":false},"uagb_author_info":{"display_name":"CerramientosMoviles","author_link":"https:\/\/cerramientosmoviles.com\/es\/author\/cerramientosmoviles\/"},"uagb_comment_info":0,"uagb_excerpt":null,"_links":{"self":[{"href":"https:\/\/cerramientosmoviles.com\/es\/wp-json\/wp\/v2\/pages\/1725","targetHints":{"allow":["GET"]}}],"collection":[{"href":"https:\/\/cerramientosmoviles.com\/es\/wp-json\/wp\/v2\/pages"}],"about":[{"href":"https:\/\/cerramientosmoviles.com\/es\/wp-json\/wp\/v2\/types\/page"}],"author":[{"embeddable":true,"href":"https:\/\/cerramientosmoviles.com\/es\/wp-json\/wp\/v2\/users\/1"}],"replies":[{"embeddable":true,"href":"https:\/\/cerramientosmoviles.com\/es\/wp-json\/wp\/v2\/comments?post=1725"}],"version-history":[{"count":5,"href":"https:\/\/cerramientosmoviles.com\/es\/wp-json\/wp\/v2\/pages\/1725\/revisions"}],"predecessor-version":[{"id":3584,"href":"https:\/\/cerramientosmoviles.com\/es\/wp-json\/wp\/v2\/pages\/1725\/revisions\/3584"}],"wp:attachment":[{"href":"https:\/\/cerramientosmoviles.com\/es\/wp-json\/wp\/v2\/media?parent=1725"}],"curies":[{"name":"wp","href":"https:\/\/api.w.org\/{rel}","templated":true}]}}